{"id":396,"date":"2025-12-03T21:04:28","date_gmt":"2025-12-03T21:04:28","guid":{"rendered":"https:\/\/www.kamagichappy.com\/?post_type=product&#038;p=396"},"modified":"2025-12-11T21:06:50","modified_gmt":"2025-12-11T21:06:50","slug":"baume-artisanal-ortie","status":"publish","type":"product","link":"https:\/\/www.kamagichappy.com\/fr\/produit\/baume-artisanal-ortie\/","title":{"rendered":"baume artisanal Ortie"},"content":{"rendered":"","protected":false},"excerpt":{"rendered":"<p><strong>Baume artisanal Ortie<\/strong>.<\/p>\n<p class=\"chakra-text css-1ltj640\"><strong class=\"chakra-text css-0\">Les Bienfaits de ce Baume Multi-Usages<\/strong><\/p>\n<p class=\"chakra-text css-1ltj640\"><strong class=\"chakra-text css-0\">POUR LA PEAU :<\/strong><\/p>\n<ul class=\"css-tu0njr\" role=\"list\">\n<li class=\"css-xs9fqv\"><strong class=\"chakra-text css-0\">APAISE &amp; PURIFIE :<\/strong> Gr\u00e2ce \u00e0 ses propri\u00e9t\u00e9s anti-inflammatoires, l&#8217;ortie calme les d\u00e9mangeaisons, les rougeurs, l&#8217;ecz\u00e9ma et les peaux \u00e0 tendance acn\u00e9ique.<\/li>\n<li class=\"css-xs9fqv\"><strong class=\"chakra-text css-0\">FORTIFIE &amp; R\u00c9G<span class=\"BxUVEf ILfuVd\" lang=\"fr\"><span class=\"hgKElc pOOWX\"><b>\u00c9<\/b><\/span><\/span>N\u00c8RE :<\/strong> Riche en min\u00e9raux et vitamines, elle stimule la cicatrisation et prot\u00e8ge la peau des agressions ext\u00e9rieures (pollution, froid).<\/li>\n<li class=\"css-xs9fqv\"><strong class=\"chakra-text css-0\">ANTI-DOULEURS :<\/strong> Son action d\u00e9congestionnante procure un soulagement apaisant sur les douleurs articulaires et les rhumatismes.<\/li>\n<\/ul>\n<p>&nbsp;<\/p>\n<p class=\"chakra-text css-1ltj640\"><strong class=\"chakra-text css-0\">POUR LES CHEVEUX :<\/strong><\/p>\n<ul class=\"css-tu0njr\" role=\"list\">\n<li class=\"css-xs9fqv\"><strong class=\"chakra-text css-0\">FORTIFIANT RACINAIRE :<\/strong> L&#8217;ortie est un v\u00e9ritable concentr\u00e9 de min\u00e9raux (silice, fer) qui nourrit le bulbe et renforce le cheveu d\u00e8s la racine.<\/li>\n<li class=\"css-xs9fqv\"><strong class=\"chakra-text css-0\">STIMULE LA VITALIT\u00c9 :<\/strong> En activant la microcirculation du cuir chevelu, elle aide \u00e0 limiter la chute de cheveux et \u00e0 redonner force et dynamisme \u00e0 la chevelure. <span class=\"a_GcMg font-feature-liga-off font-feature-clig-off font-feature-calt-off text-decoration-none text-strikethrough-none\"> Elle est aussi tr\u00e8s efficace sur les pointes pour les cheveux secs.<\/span><\/li>\n<li class=\"css-xs9fqv\"><strong class=\"chakra-text css-0\">\u00c9QUILIBRE &amp; ASSAINIT :<\/strong> Elle r\u00e9gule la production de s\u00e9bum, ce qui en fait un alli\u00e9 de choix pour les cuirs chevelus sensibles ou pelliculaires.<\/li>\n<\/ul>\n<p>&nbsp;<\/p>\n<p><strong>* Ingr\u00e9dients<\/strong>:<\/p>\n<p>Mac\u00e9rat huileux (huile de tournesol) d&#8217;Ortie,\u00a0 cire d&#8217;abeille, vitamine E.<\/p>\n<p>Produits issus de l&#8217;agriculture biologique et plantes r\u00e9colt\u00e9es \u00e0 la main avec Amour en milieu sain.<\/p>\n<p class=\"cvGsUA direction-ltr align-center para-style-body\"><span class=\"a_GcMg font-feature-liga-off font-feature-clig-off font-feature-calt-off text-decoration-none text-strikethrough-none\">Produit artisanal.<\/span><\/p>\n<p class=\"cvGsUA direction-ltr align-center para-style-body\"><span class=\"a_GcMg font-feature-liga-off font-feature-clig-off font-feature-calt-off text-decoration-none text-strikethrough-none\">30 gr.<\/span><\/p>\n<p>&nbsp;<\/p>\n<p>Les plantes sont nos alli\u00e9es pour notre bien-\u00eatre, notre beaut\u00e9, nos petits bobos&#8230;..<\/p>\n<p>En les utilisant, parall\u00e8lement \u00e0 leurs nombreuses vertus, <strong>nous nous relions \u00e0 leur essence<\/strong>.<\/p>\n<p>L&#8217;<strong>ortie<\/strong> apporte <strong>la r\u00e9silience<\/strong>, <strong>la force<\/strong> et<strong> la protection<\/strong>.<\/p>\n<p>&nbsp;<\/p>\n<p>J&#8217;ai pr\u00e9par\u00e9 ces baumes avec Amour. J&#8217;ai r\u00e9colt\u00e9 moi-m\u00eame les plantes une par une, \u00e0 la main, en milieu prot\u00e9g\u00e9 (sain et non pollu\u00e9), je les ai ensuite laisser mac\u00e9rer plusieurs semaines dans de l&#8217;huile de tournesol, pour ensuite pr\u00e9parer les baumes, centr\u00e9e dans mon coeur et avec respect de la plante.<\/p>\n<p>Le colis est envoy\u00e9 par mondial relay au point relais le plus proche de votre adresse. N&#8217;h\u00e9sitez pas \u00e0 sp\u00e9cifier celui de votre choix lors de la commande.<\/p>\n<p>&nbsp;<\/p>\n<p>&nbsp;<\/p>\n<p>&nbsp;<\/p>\n<p>&nbsp;<\/p>\n<p>&nbsp;<\/p>","protected":false},"featured_media":394,"comment_status":"closed","ping_status":"closed","template":"","meta":[],"product_cat":[56],"product_tag":[50,54,52,57,53,51,55],"class_list":{"0":"post-396","1":"product","2":"type-product","3":"status-publish","4":"has-post-thumbnail","6":"product_cat-soin-du-corps","7":"product_tag-baume-artisanal","8":"product_tag-beaute","9":"product_tag-bien-etre","10":"product_tag-ortie","11":"product_tag-peau","12":"product_tag-plantes-sauvages","13":"product_tag-soins","15":"first","16":"instock","17":"shipping-taxable","18":"purchasable","19":"product-type-simple"},"_links":{"self":[{"href":"https:\/\/www.kamagichappy.com\/fr\/wp-json\/wp\/v2\/product\/396"}],"collection":[{"href":"https:\/\/www.kamagichappy.com\/fr\/wp-json\/wp\/v2\/product"}],"about":[{"href":"https:\/\/www.kamagichappy.com\/fr\/wp-json\/wp\/v2\/types\/product"}],"replies":[{"embeddable":true,"href":"https:\/\/www.kamagichappy.com\/fr\/wp-json\/wp\/v2\/comments?post=396"}],"wp:featuredmedia":[{"embeddable":true,"href":"https:\/\/www.kamagichappy.com\/fr\/wp-json\/wp\/v2\/media\/394"}],"wp:attachment":[{"href":"https:\/\/www.kamagichappy.com\/fr\/wp-json\/wp\/v2\/media?parent=396"}],"wp:term":[{"taxonomy":"product_cat","embeddable":true,"href":"https:\/\/www.kamagichappy.com\/fr\/wp-json\/wp\/v2\/product_cat?post=396"},{"taxonomy":"product_tag","embeddable":true,"href":"https:\/\/www.kamagichappy.com\/fr\/wp-json\/wp\/v2\/product_tag?post=396"}],"curies":[{"name":"wp","href":"https:\/\/api.w.org\/{rel}","templated":true}]}}