{"id":391,"date":"2025-12-03T20:18:36","date_gmt":"2025-12-03T20:18:36","guid":{"rendered":"https:\/\/www.kamagichappy.com\/?post_type=product&#038;p=391"},"modified":"2025-12-11T21:05:45","modified_gmt":"2025-12-11T21:05:45","slug":"baume-artisanal-carotte-sauvage-lavande","status":"publish","type":"product","link":"https:\/\/www.kamagichappy.com\/fr\/produit\/baume-artisanal-carotte-sauvage-lavande\/","title":{"rendered":"baume artisanal Carotte sauvage Lavande"},"content":{"rendered":"","protected":false},"excerpt":{"rendered":"<p><strong>Baume artisanal Carotte sauvage Lavande<\/strong><\/p>\n<p class=\"chakra-text css-1ltj640\"><strong class=\"chakra-text css-0\">Les Bienfaits de ce Baume Multi-Usages<\/strong><\/p>\n<p class=\"chakra-text css-1ltj640\"><strong class=\"chakra-text css-0\">POUR LA PEAU :<\/strong><\/p>\n<ul class=\"css-tu0njr\" role=\"list\">\n<li class=\"css-xs9fqv\"><strong class=\"chakra-text css-0\">R\u00c9PARE &amp; PROT\u00c8GE :<\/strong> Cicatrise les petites plaies, apaise les br\u00fblures l\u00e9g\u00e8res, les ger\u00e7ures et les rougeurs.<\/li>\n<li class=\"css-xs9fqv\"><strong class=\"chakra-text css-0\">ANTI-\u00c2GE &amp; \u00c9CLAT :<\/strong> Riche en antioxydants, il stimule le renouvellement cellulaire pour un teint frais et lumineux.<\/li>\n<li class=\"css-xs9fqv\"><strong class=\"chakra-text css-0\">APAISE &amp; NOURRIT :<\/strong> Calme les peaux sensibles, irrit\u00e9es et s\u00e8ches. Laisse une peau douce et souple.<\/li>\n<\/ul>\n<p>&nbsp;<\/p>\n<p class=\"chakra-text css-1ltj640\"><strong class=\"chakra-text css-0\">POUR LES CHEVEUX :<\/strong><\/p>\n<ul class=\"css-tu0njr\" role=\"list\">\n<li class=\"css-xs9fqv\"><strong class=\"chakra-text css-0\">NOURRIT EN PROFONDEUR :<\/strong> R\u00e9pare les cheveux secs et ab\u00eem\u00e9s, redonne force et souplesse aux longueurs et pointes.<\/li>\n<li class=\"css-xs9fqv\"><strong class=\"chakra-text css-0\">DONNE DE L&#8217;\u00c9CLAT :<\/strong> Illumine la chevelure et sublime les reflets naturels (notamment dor\u00e9s).<\/li>\n<li class=\"css-xs9fqv\"><strong class=\"chakra-text css-0\">PROT\u00c8GE &amp; DOMPTE :<\/strong> Forme un film protecteur contre les agressions (vent, froid) et aide \u00e0 ma\u00eetriser les frisottis.<\/li>\n<\/ul>\n<p>&nbsp;<\/p>\n<p><strong>* Ingr\u00e9dients<\/strong>:<\/p>\n<p>Mac\u00e9rat huileux (huile de tournesol) de Carotte sauvage, huile essentielle de Lavande, cire d&#8217;abeille.<\/p>\n<p>Produits issus de l&#8217;agriculture biologique et plantes r\u00e9colt\u00e9es \u00e0 la main avec Amour en milieu sain.<\/p>\n<p class=\"cvGsUA direction-ltr align-center para-style-body\"><span class=\"a_GcMg font-feature-liga-off font-feature-clig-off font-feature-calt-off text-decoration-none text-strikethrough-none\">Produit artisanal.<\/span><\/p>\n<p class=\"cvGsUA direction-ltr align-center para-style-body\"><span class=\"a_GcMg font-feature-liga-off font-feature-clig-off font-feature-calt-off text-decoration-none text-strikethrough-none\">30 gr<\/span><\/p>\n<p>&nbsp;<\/p>\n<p>Les plantes sont nos alli\u00e9es pour notre bien-\u00eatre, notre beaut\u00e9, nos petits bobos&#8230;..<\/p>\n<p>En les utilisant, parall\u00e8lement \u00e0 leurs nombreuses vertus, <strong>nous nous relions \u00e0 leur essence<\/strong>.<\/p>\n<p><strong>La Carotte sauvage<\/strong> permet<strong> d&#8217;\u00eatre plus pr\u00e9sent.e \u00e0 soi-m\u00eame<\/strong>, <strong>la Lavande<\/strong> cr\u00e9e<strong> le calme<\/strong> et <strong>la puret\u00e9<\/strong>.<\/p>\n<p>&nbsp;<\/p>\n<p>J&#8217;ai pr\u00e9par\u00e9 ces baumes avec Amour. J&#8217;ai r\u00e9colt\u00e9 moi-m\u00eame les plantes une par une, \u00e0 la main, en milieu prot\u00e9g\u00e9 (sain et non pollu\u00e9), je les ai ensuite laisser mac\u00e9rer plusieurs semaines dans de l&#8217;huile de tournesol, pour ensuite pr\u00e9parer les baumes, centr\u00e9e dans mon coeur et avec respect de la plante.<\/p>\n<p>Le colis est envoy\u00e9 par mondial relay au point relais le plus proche de votre adresse. N&#8217;h\u00e9sitez pas \u00e0 sp\u00e9cifier celui de votre choix lors de la commande.<\/p>\n<p>&nbsp;<\/p>\n<p>&nbsp;<\/p>\n<p>&nbsp;<\/p>\n<p>&nbsp;<\/p>\n<p>&nbsp;<\/p>","protected":false},"featured_media":393,"comment_status":"closed","ping_status":"closed","template":"","meta":[],"product_cat":[56],"product_tag":[50,54,52,58,59,53,51,55],"class_list":{"0":"post-391","1":"product","2":"type-product","3":"status-publish","4":"has-post-thumbnail","6":"product_cat-soin-du-corps","7":"product_tag-baume-artisanal","8":"product_tag-beaute","9":"product_tag-bien-etre","10":"product_tag-carotte-sauvage","11":"product_tag-lavande","12":"product_tag-peau","13":"product_tag-plantes-sauvages","14":"product_tag-soins","16":"first","17":"instock","18":"shipping-taxable","19":"purchasable","20":"product-type-simple"},"_links":{"self":[{"href":"https:\/\/www.kamagichappy.com\/fr\/wp-json\/wp\/v2\/product\/391"}],"collection":[{"href":"https:\/\/www.kamagichappy.com\/fr\/wp-json\/wp\/v2\/product"}],"about":[{"href":"https:\/\/www.kamagichappy.com\/fr\/wp-json\/wp\/v2\/types\/product"}],"replies":[{"embeddable":true,"href":"https:\/\/www.kamagichappy.com\/fr\/wp-json\/wp\/v2\/comments?post=391"}],"wp:featuredmedia":[{"embeddable":true,"href":"https:\/\/www.kamagichappy.com\/fr\/wp-json\/wp\/v2\/media\/393"}],"wp:attachment":[{"href":"https:\/\/www.kamagichappy.com\/fr\/wp-json\/wp\/v2\/media?parent=391"}],"wp:term":[{"taxonomy":"product_cat","embeddable":true,"href":"https:\/\/www.kamagichappy.com\/fr\/wp-json\/wp\/v2\/product_cat?post=391"},{"taxonomy":"product_tag","embeddable":true,"href":"https:\/\/www.kamagichappy.com\/fr\/wp-json\/wp\/v2\/product_tag?post=391"}],"curies":[{"name":"wp","href":"https:\/\/api.w.org\/{rel}","templated":true}]}}