{"id":389,"date":"2025-12-03T19:23:05","date_gmt":"2025-12-03T19:23:05","guid":{"rendered":"https:\/\/www.kamagichappy.com\/?post_type=product&#038;p=389"},"modified":"2025-12-11T21:13:21","modified_gmt":"2025-12-11T21:13:21","slug":"baume-artisanal-plantes","status":"publish","type":"product","link":"https:\/\/www.kamagichappy.com\/fr\/produit\/baume-artisanal-plantes\/","title":{"rendered":"baume artisanal Romarin Lavande"},"content":{"rendered":"","protected":false},"excerpt":{"rendered":"<p><strong>Baume artisanal Romarin Lavande<\/strong><\/p>\n<p class=\"chakra-text css-1ltj640\"><strong class=\"chakra-text css-0\">Les Bienfaits de ce Baume Multi-Usages<\/strong><\/p>\n<p class=\"chakra-text css-1ltj640\"><strong class=\"chakra-text css-0\">POUR LA PEAU :<\/strong><\/p>\n<ul class=\"css-tu0njr\" role=\"list\">\n<li class=\"css-xs9fqv\"><strong class=\"chakra-text css-0\">PURIFIE &amp; CICATRISE :<\/strong> Le romarin aide \u00e0 d\u00e9sinfecter la peau, \u00e0 assainir l&#8217;acn\u00e9 et les imperfections, et \u00e0 acc\u00e9l\u00e9rer la cicatrisation (boutons, abc\u00e8s, apr\u00e8s-rasage).<\/li>\n<li class=\"css-xs9fqv\"><strong class=\"chakra-text css-0\">D\u00c9CONGESTIONNE &amp; RAFFERMIT :<\/strong> Apaise les poches sous les yeux et les jambes lourdes. Son action tonifiante aide \u00e0 raffermir la peau.<\/li>\n<li class=\"css-xs9fqv\"><strong class=\"chakra-text css-0\">APAISE &amp; R\u00c9PARE :<\/strong> La lavande et la cire d&#8217;abeille calment les rougeurs et nourrissent la peau en profondeur pour un confort optimal.<\/li>\n<\/ul>\n<p>&nbsp;<\/p>\n<p class=\"chakra-text css-1ltj640\"><strong class=\"chakra-text css-0\">POUR LES CHEVEUX :<\/strong><\/p>\n<ul class=\"css-tu0njr\" role=\"list\">\n<li class=\"css-xs9fqv\"><strong class=\"chakra-text css-0\">STIMULE LA POUSSE :<\/strong> Le romarin est reconnu pour activer la microcirculation du cuir chevelu, ce qui favorise une pousse de cheveux saine et vigoureuse.<\/li>\n<li class=\"css-xs9fqv\"><strong class=\"chakra-text css-0\">FORTIFIE &amp; LIMITE LA CHUTE :<\/strong> Il gaine le cheveu et le renforce d\u00e8s la racine, aidant ainsi \u00e0 r\u00e9duire la chute temporaire.<\/li>\n<li class=\"css-xs9fqv\"><strong class=\"chakra-text css-0\">ASSAINIT LE CUIR CHEVELU :<\/strong> Id\u00e9al pour les cuirs chevelus sensibles ou \u00e0 tendance grasse, il aide \u00e0 r\u00e9guler le s\u00e9bum et \u00e0 purifier en douceur.<\/li>\n<\/ul>\n<p>&nbsp;<\/p>\n<p><strong>* Ingr\u00e9dients<\/strong>: mac\u00e9rat huileux (huile de tournesol) de Romarin, huile essentielle de Lavande, cire d&#8217;abeille. Produits issus de l&#8217;agriculture biologique et plantes r\u00e9colt\u00e9es \u00e0 la main avec Amour en milieu sain.<\/p>\n<p class=\"cvGsUA direction-ltr align-center para-style-body\"><span class=\"a_GcMg font-feature-liga-off font-feature-clig-off font-feature-calt-off text-decoration-none text-strikethrough-none\">Produit artisanal.<\/span><\/p>\n<p class=\"cvGsUA direction-ltr align-center para-style-body\"><span class=\"a_GcMg font-feature-liga-off font-feature-clig-off font-feature-calt-off text-decoration-none text-strikethrough-none\">30 gr<\/span><\/p>\n<p>&nbsp;<\/p>\n<p>Les plantes sont nos alli\u00e9es pour notre bien-\u00eatre, notre beaut\u00e9, nos petits bobos&#8230;..<\/p>\n<p>En les utilisant, parall\u00e8lement \u00e0 leurs nombreuses vertus, <strong>nous nous relions \u00e0 leur essence<\/strong>.<\/p>\n<p>Le <strong>Romarin<\/strong> apporte<strong> protection<\/strong> et<strong> purification<\/strong>, la<strong> Lavande<\/strong> cr\u00e9e le<strong> calme<\/strong> et la<strong> puret\u00e9<\/strong>.<\/p>\n<p>&nbsp;<\/p>\n<p>J&#8217;ai pr\u00e9par\u00e9 ces baumes avec Amour. J&#8217;ai r\u00e9colt\u00e9 moi-m\u00eame les plantes une par une, \u00e0 la main, en milieu prot\u00e9g\u00e9 (sain et non pollu\u00e9), je les ai ensuite laisser mac\u00e9rer plusieurs semaines dans de l&#8217;huile de tournesol, pour ensuite pr\u00e9parer les baumes, centr\u00e9e dans mon coeur et avec respect de la plante.<\/p>\n<p>Le colis est envoy\u00e9 par mondial relay au point relais le plus proche de votre adresse. N&#8217;h\u00e9sitez pas \u00e0 sp\u00e9cifier celui de votre choix lors de la commande.<\/p>\n<p>&nbsp;<\/p>\n<p>&nbsp;<\/p>\n<p>&nbsp;<\/p>\n<p>&nbsp;<\/p>\n<p>&nbsp;<\/p>\n<p>&nbsp;<\/p>","protected":false},"featured_media":392,"comment_status":"closed","ping_status":"closed","template":"","meta":[],"product_cat":[56],"product_tag":[50,54,52,59,53,51,60,55],"class_list":{"0":"post-389","1":"product","2":"type-product","3":"status-publish","4":"has-post-thumbnail","6":"product_cat-soin-du-corps","7":"product_tag-baume-artisanal","8":"product_tag-beaute","9":"product_tag-bien-etre","10":"product_tag-lavande","11":"product_tag-peau","12":"product_tag-plantes-sauvages","13":"product_tag-romarin","14":"product_tag-soins","16":"first","17":"instock","18":"shipping-taxable","19":"purchasable","20":"product-type-simple"},"_links":{"self":[{"href":"https:\/\/www.kamagichappy.com\/fr\/wp-json\/wp\/v2\/product\/389"}],"collection":[{"href":"https:\/\/www.kamagichappy.com\/fr\/wp-json\/wp\/v2\/product"}],"about":[{"href":"https:\/\/www.kamagichappy.com\/fr\/wp-json\/wp\/v2\/types\/product"}],"replies":[{"embeddable":true,"href":"https:\/\/www.kamagichappy.com\/fr\/wp-json\/wp\/v2\/comments?post=389"}],"wp:featuredmedia":[{"embeddable":true,"href":"https:\/\/www.kamagichappy.com\/fr\/wp-json\/wp\/v2\/media\/392"}],"wp:attachment":[{"href":"https:\/\/www.kamagichappy.com\/fr\/wp-json\/wp\/v2\/media?parent=389"}],"wp:term":[{"taxonomy":"product_cat","embeddable":true,"href":"https:\/\/www.kamagichappy.com\/fr\/wp-json\/wp\/v2\/product_cat?post=389"},{"taxonomy":"product_tag","embeddable":true,"href":"https:\/\/www.kamagichappy.com\/fr\/wp-json\/wp\/v2\/product_tag?post=389"}],"curies":[{"name":"wp","href":"https:\/\/api.w.org\/{rel}","templated":true}]}}