{"id":329,"date":"2023-10-16T12:32:35","date_gmt":"2023-10-16T12:32:35","guid":{"rendered":"https:\/\/www.kamagichappy.com\/?post_type=product&#038;p=329"},"modified":"2025-12-03T21:30:56","modified_gmt":"2025-12-03T21:30:56","slug":"riche-de-vie-version-francaise-papier","status":"publish","type":"product","link":"https:\/\/www.kamagichappy.com\/fr\/produit\/riche-de-vie-version-francaise-papier\/","title":{"rendered":"Riche de vie (version fran\u00e7aise) &#8211; Livre Papier"},"content":{"rendered":"<p>*** Avis ***<\/p>\n<p>* Sylviane: &#8220;<small>Ce r\u00e9cit qui retrace un parcours d&#8217;exp\u00e9riences singuli\u00e8res de mani\u00e8re simple et intimiste interpelle notre imaginaire sur notre potentialit\u00e9 \u00e0 vivre des aventures inhabituelles qui nous enrichissent et nous font grandir int\u00e9rieurement. On suit avec int\u00e9r\u00eat la narratrice dans son voyage int\u00e9rieur et ext\u00e9rieur qui nous parle de recherche existentielle et de r\u00e9alisation personnelle.&#8221;<\/small><\/p>\n<p>&nbsp;<\/p>","protected":false},"excerpt":{"rendered":"<p>\u00ab Riche de Vie \u00bb est un r\u00e9sum\u00e9 de moments de ma vie qui m&#8217;ont amen\u00e9e \u00e0 une compr\u00e9hension plus large de la r\u00e9alit\u00e9. D\u00e8s mon enfance je me suis sentie diff\u00e9rente. Mes concepts et compr\u00e9hensions de la r\u00e9alit\u00e9 \u00e9taient diff\u00e9rents de ceux de ma famille et du syst\u00e8me \u00e9ducatif, et rien ne pouvait me faire aller \u00e0 l&#8217;encontre de mon instinct. La premi\u00e8re partie de ce livre \u00e9voque les nombreuses exp\u00e9riences extraordinaires et psych\u00e9d\u00e9liques v\u00e9cues sur mon chemin. De Goa en Inde aux festivals de musique en Europe, des s\u00e9ances d&#8217;Ayahuasca en Amazonie au Br\u00e9sil aux \u00e9tudes avec un gu\u00e9risseur, je vous prom\u00e8ne dans un univers en dehors du commun.<\/p>\n<p>La deuxi\u00e8me partie de ce livre est un petit recueil de notes prises dans des revues scientifiques ou spirituelles, qui m&#8217;ont fait comprendre mes exp\u00e9riences v\u00e9cues, leur ont donn\u00e9 un sens, une r\u00e9alit\u00e9. En lisant ce livre, je vous invite \u00e0 acc\u00e9der \u00e0 une vision plus large de la r\u00e9alit\u00e9, \u00e0 entrer dans un univers &#8220;Riche de vie&#8221;.<\/p>\n<p>Vous pouvez commander le livre papier directement sur le site &#8220;Lulu&#8221; en cliquant sur &#8220;Acheter le livre&#8221;.<\/p>","protected":false},"featured_media":337,"comment_status":"closed","ping_status":"closed","template":"","meta":[],"product_cat":[62],"product_tag":[33,30,34,31,18,32],"class_list":{"0":"post-329","1":"product","2":"type-product","3":"status-publish","4":"has-post-thumbnail","6":"product_cat-livre-book","7":"product_tag-aventures","8":"product_tag-eveil","9":"product_tag-experiences","10":"product_tag-joie","11":"product_tag-livre-imprime","12":"product_tag-realisations","14":"first","15":"instock","16":"shipping-taxable","17":"product-type-external"},"_links":{"self":[{"href":"https:\/\/www.kamagichappy.com\/fr\/wp-json\/wp\/v2\/product\/329"}],"collection":[{"href":"https:\/\/www.kamagichappy.com\/fr\/wp-json\/wp\/v2\/product"}],"about":[{"href":"https:\/\/www.kamagichappy.com\/fr\/wp-json\/wp\/v2\/types\/product"}],"replies":[{"embeddable":true,"href":"https:\/\/www.kamagichappy.com\/fr\/wp-json\/wp\/v2\/comments?post=329"}],"wp:featuredmedia":[{"embeddable":true,"href":"https:\/\/www.kamagichappy.com\/fr\/wp-json\/wp\/v2\/media\/337"}],"wp:attachment":[{"href":"https:\/\/www.kamagichappy.com\/fr\/wp-json\/wp\/v2\/media?parent=329"}],"wp:term":[{"taxonomy":"product_cat","embeddable":true,"href":"https:\/\/www.kamagichappy.com\/fr\/wp-json\/wp\/v2\/product_cat?post=329"},{"taxonomy":"product_tag","embeddable":true,"href":"https:\/\/www.kamagichappy.com\/fr\/wp-json\/wp\/v2\/product_tag?post=329"}],"curies":[{"name":"wp","href":"https:\/\/api.w.org\/{rel}","templated":true}]}}