{"id":294,"date":"2023-07-25T22:43:25","date_gmt":"2023-07-25T22:43:25","guid":{"rendered":"https:\/\/www.kamagichappy.com\/?post_type=product&#038;p=294"},"modified":"2025-12-03T21:32:02","modified_gmt":"2025-12-03T21:32:02","slug":"video-recette-crue-rouleaux-de-courgettes-sauce-tomate","status":"publish","type":"product","link":"https:\/\/www.kamagichappy.com\/fr\/produit\/video-recette-crue-rouleaux-de-courgettes-sauce-tomate\/","title":{"rendered":"Vid\u00e9o recette cuisine crue rouleaux de courgettes sauce tomate"},"content":{"rendered":"","protected":false},"excerpt":{"rendered":"<p>&nbsp;<\/p>\n<p>Vid\u00e9o recette cuisine crue rouleaux de courgettes sauce tomate:<\/p>\n<p>Cuisinez en m\u00eame temps que moi en regardant la vid\u00e9o de la recette de rouleaux de courgettes \u00e0 la sauce tomate originale.<\/p>\n<p>Vid\u00e9o de 46mn.<\/p>\n<p>Vous recevrez apr\u00e8s l&#8217;achat, un lien pour t\u00e9l\u00e9charger la vid\u00e9o accompagn\u00e9e d&#8217;un PDF vous indiquant les ingr\u00e9dients et ustensiles n\u00e9cessaires pour suivre la vid\u00e9o.<\/p>\n<p>Bonne crusine \u00e0 vous!<\/p>\n<p>N&#8217;h\u00e9sitez pas \u00e0 m&#8217;envoyer une photo de votre plat.<\/p>\n<p>&nbsp;<\/p>","protected":false},"featured_media":296,"comment_status":"closed","ping_status":"closed","template":"","meta":[],"product_cat":[63],"product_tag":[42,39,40,41],"class_list":{"0":"post-294","1":"product","2":"type-product","3":"status-publish","4":"has-post-thumbnail","6":"product_cat-recette-cuisine-crue","7":"product_tag-crusine","8":"product_tag-cuisine-crue","9":"product_tag-recette","10":"product_tag-video","12":"first","13":"instock","14":"downloadable","15":"virtual","16":"purchasable","17":"product-type-simple"},"_links":{"self":[{"href":"https:\/\/www.kamagichappy.com\/fr\/wp-json\/wp\/v2\/product\/294"}],"collection":[{"href":"https:\/\/www.kamagichappy.com\/fr\/wp-json\/wp\/v2\/product"}],"about":[{"href":"https:\/\/www.kamagichappy.com\/fr\/wp-json\/wp\/v2\/types\/product"}],"replies":[{"embeddable":true,"href":"https:\/\/www.kamagichappy.com\/fr\/wp-json\/wp\/v2\/comments?post=294"}],"wp:featuredmedia":[{"embeddable":true,"href":"https:\/\/www.kamagichappy.com\/fr\/wp-json\/wp\/v2\/media\/296"}],"wp:attachment":[{"href":"https:\/\/www.kamagichappy.com\/fr\/wp-json\/wp\/v2\/media?parent=294"}],"wp:term":[{"taxonomy":"product_cat","embeddable":true,"href":"https:\/\/www.kamagichappy.com\/fr\/wp-json\/wp\/v2\/product_cat?post=294"},{"taxonomy":"product_tag","embeddable":true,"href":"https:\/\/www.kamagichappy.com\/fr\/wp-json\/wp\/v2\/product_tag?post=294"}],"curies":[{"name":"wp","href":"https:\/\/api.w.org\/{rel}","templated":true}]}}