{"id":209,"date":"2021-04-07T11:27:56","date_gmt":"2021-04-07T11:27:56","guid":{"rendered":"https:\/\/www.kamagichappy.com\/?post_type=product&#038;p=209"},"modified":"2025-12-03T21:33:14","modified_gmt":"2025-12-03T21:33:14","slug":"film-documentaire-vivre-en-harmonie-les-guerriers-de-larc-en-ciel","status":"publish","type":"product","link":"https:\/\/www.kamagichappy.com\/fr\/produit\/film-documentaire-vivre-en-harmonie-les-guerriers-de-larc-en-ciel\/","title":{"rendered":"DVD Film documentaire, vivre en harmonie: &#8220;Les Guerriers de l&#8217;Arc-en-Ciel&#8221;."},"content":{"rendered":"","protected":false},"excerpt":{"rendered":"<p>&nbsp;<\/p>\n<p>DVD Film documentaire, vivre en harmonie: Les Guerriers de l&#8217;Arc-en-Ciel.<\/p>\n<p>Tu recevras le Dvd chez toi 1 ou 2 semaines apr\u00e8s l&#8217;achat. Livraison inclue dans le prix.<\/p>\n<p>un collectif de jeunes adultes, Les Guerriers de l&#8217;Arc-en-Ciel, a choisi d&#8217;exp\u00e9rimenter, depuis 15 ans, un mode de vie \u00e9cologique, sobre et \u00e9panouissant cr\u00e9ateur d&#8217;une dynamique de solidarit\u00e9, d&#8217;\u00e9change et de partage qui facilite l&#8217;int\u00e9gration et enrichit la vie locale.<\/p>\n<p>Pr\u00e9sentation du documentaire:<\/p>\n<p>https:\/\/www.youtube.com\/watch?v=TAeI_m4bPzE&amp;t=11s<\/p>\n<p>&nbsp;<\/p>\n<p>&nbsp;<\/p>","protected":false},"featured_media":213,"comment_status":"closed","ping_status":"closed","template":"","meta":[],"product_cat":[64],"product_tag":[27,25,26],"class_list":{"0":"post-209","1":"product","2":"type-product","3":"status-publish","4":"has-post-thumbnail","6":"product_cat-dvd","7":"product_tag-autonomie","8":"product_tag-documentaire","9":"product_tag-ecologie","11":"first","12":"instock","13":"downloadable","14":"shipping-taxable","15":"purchasable","16":"product-type-simple"},"_links":{"self":[{"href":"https:\/\/www.kamagichappy.com\/fr\/wp-json\/wp\/v2\/product\/209"}],"collection":[{"href":"https:\/\/www.kamagichappy.com\/fr\/wp-json\/wp\/v2\/product"}],"about":[{"href":"https:\/\/www.kamagichappy.com\/fr\/wp-json\/wp\/v2\/types\/product"}],"replies":[{"embeddable":true,"href":"https:\/\/www.kamagichappy.com\/fr\/wp-json\/wp\/v2\/comments?post=209"}],"wp:featuredmedia":[{"embeddable":true,"href":"https:\/\/www.kamagichappy.com\/fr\/wp-json\/wp\/v2\/media\/213"}],"wp:attachment":[{"href":"https:\/\/www.kamagichappy.com\/fr\/wp-json\/wp\/v2\/media?parent=209"}],"wp:term":[{"taxonomy":"product_cat","embeddable":true,"href":"https:\/\/www.kamagichappy.com\/fr\/wp-json\/wp\/v2\/product_cat?post=209"},{"taxonomy":"product_tag","embeddable":true,"href":"https:\/\/www.kamagichappy.com\/fr\/wp-json\/wp\/v2\/product_tag?post=209"}],"curies":[{"name":"wp","href":"https:\/\/api.w.org\/{rel}","templated":true}]}}